{"id":144,"date":"2021-09-02T14:27:00","date_gmt":"2021-09-02T14:27:00","guid":{"rendered":"https:\/\/lecabinetdeporcelaine.creationsiteweb.fr\/?page_id=144"},"modified":"2022-05-24T10:05:08","modified_gmt":"2022-05-24T10:05:08","slug":"nos-creations","status":"publish","type":"page","link":"https:\/\/lecabinetdeporcelaine.creationsiteweb.fr\/fr\/nos-creations\/","title":{"rendered":"Nos Cr\u00e9ations"},"content":{"rendered":"<p>[et_pb_section fb_built=\u00a0\u00bb1&Prime; admin_label=\u00a0\u00bbHero Section\u00a0\u00bb _builder_version=\u00a0\u00bb3.22&Prime; use_background_color_gradient=\u00a0\u00bbon\u00a0\u00bb background_color_gradient_start=\u00a0\u00bbrgba(244,240,233,0.9)\u00a0\u00bb background_color_gradient_end=\u00a0\u00bbrgba(244,240,233,0)\u00a0\u00bb background_color_gradient_direction=\u00a0\u00bb90deg\u00a0\u00bb background_color_gradient_start_position=\u00a0\u00bb30%\u00a0\u00bb background_color_gradient_overlays_image=\u00a0\u00bbon\u00a0\u00bb background_image=\u00a0\u00bbhttps:\/\/lecabinetdeporcelaine.creationsiteweb.fr\/wp-content\/uploads\/2021\/09\/florist-17.jpg\u00a0\u00bb custom_margin=\u00a0\u00bb|||\u00a0\u00bb custom_padding=\u00a0\u00bb119px|0px|119px|0px\u00a0\u00bb][et_pb_row custom_padding_last_edited=\u00a0\u00bboff|desktop\u00a0\u00bb admin_label=\u00a0\u00bbHero Area\u00a0\u00bb _builder_version=\u00a0\u00bb3.25&Prime; custom_padding=\u00a0\u00bb27px|0px|0px|0px\u00a0\u00bb][et_pb_column type=\u00a0\u00bb4_4&Prime; _builder_version=\u00a0\u00bb3.25&Prime; custom_padding=\u00a0\u00bb|||\u00a0\u00bb custom_padding__hover=\u00a0\u00bb|||\u00a0\u00bb][et_pb_text admin_label=\u00a0\u00bbHero Title\u00a0\u00bb _builder_version=\u00a0\u00bb4.9.4&Prime; text_font=\u00a0\u00bbPlayfair Display||||||||\u00a0\u00bb header_font=\u00a0\u00bbAlice||||||||\u00a0\u00bb header_font_size=\u00a0\u00bb80px\u00a0\u00bb header_letter_spacing=\u00a0\u00bb-3px\u00a0\u00bb header_line_height=\u00a0\u00bb1.1em\u00a0\u00bb custom_margin=\u00a0\u00bb||0px|\u00a0\u00bb custom_padding=\u00a0\u00bb|||\u00a0\u00bb animation_style=\u00a0\u00bbslide\u00a0\u00bb animation_direction=\u00a0\u00bbleft\u00a0\u00bb animation_intensity_slide=\u00a0\u00bb5%\u00a0\u00bb animation_starting_opacity=\u00a0\u00bb100%\u00a0\u00bb text_font_size_last_edited=\u00a0\u00bboff|desktop\u00a0\u00bb header_font_size_tablet=\u00a0\u00bb\u00a0\u00bb header_font_size_phone=\u00a0\u00bb60px\u00a0\u00bb header_font_size_last_edited=\u00a0\u00bbon|phone\u00a0\u00bb]<\/p>\n<h1>Nos Cr\u00e9ations<\/h1>\n<p>[\/et_pb_text][et_pb_divider color=\u00a0\u00bb#000000&Prime; divider_weight=\u00a0\u00bb3px\u00a0\u00bb _builder_version=\u00a0\u00bb4.9.4&Prime; _module_preset=\u00a0\u00bbdefault\u00a0\u00bb width=\u00a0\u00bb500px\u00a0\u00bb][\/et_pb_divider][\/et_pb_column][\/et_pb_row][\/et_pb_section][et_pb_section fb_built=\u00a0\u00bb1&Prime; admin_label=\u00a0\u00bbGallery Section\u00a0\u00bb _builder_version=\u00a0\u00bb3.22&Prime; custom_padding=\u00a0\u00bb0px||90px|\u00a0\u00bb][et_pb_row use_custom_gutter=\u00a0\u00bbon\u00a0\u00bb admin_label=\u00a0\u00bbGallery Area\u00a0\u00bb _builder_version=\u00a0\u00bb4.9.4&Prime; custom_padding=\u00a0\u00bb0px|0px|27px|0px\u00a0\u00bb][et_pb_column type=\u00a0\u00bb4_4&Prime; _builder_version=\u00a0\u00bb3.25&Prime; custom_padding=\u00a0\u00bb|||\u00a0\u00bb custom_padding__hover=\u00a0\u00bb|||\u00a0\u00bb][dnxte_thumbs_gallery_parent _builder_version=\u00a0\u00bb4.9.4&Prime; _module_preset=\u00a0\u00bbdefault\u00a0\u00bb][\/dnxte_thumbs_gallery_parent][\/et_pb_column][\/et_pb_row][et_pb_row _builder_version=\u00a0\u00bb4.9.4&Prime; _module_preset=\u00a0\u00bbdefault\u00a0\u00bb hover_enabled=\u00a0\u00bb0&Prime; sticky_enabled=\u00a0\u00bb0&Prime;][et_pb_column type=\u00a0\u00bb4_4&Prime; _builder_version=\u00a0\u00bb4.9.4&Prime; _module_preset=\u00a0\u00bbdefault\u00a0\u00bb][dnxte_coverflowslider_parent _builder_version=\u00a0\u00bb4.9.4&Prime; _module_preset=\u00a0\u00bbdefault\u00a0\u00bb hover_enabled=\u00a0\u00bb0&Prime; sticky_enabled=\u00a0\u00bb0&Prime;][dnxte_coverflowslider_child coverflowslider_layouts=\u00a0\u00bbbelow-image\u00a0\u00bb coverflowslider_content=\u00a0\u00bb<\/p>\n<p>@Maurine Tric<\/p>\n<p>\u00a0\u00bb coverflowslider_image=\u00a0\u00bbhttps:\/\/lecabinetdeporcelaine.creationsiteweb.fr\/wp-content\/uploads\/2021\/09\/rosier-de\u0301tail-basse-def-e1312669.jpg\u00a0\u00bb coverflowslider_alt=\u00a0\u00bb@Maurine Tric\u00a0\u00bb _builder_version=\u00a0\u00bb4.9.4&Prime; _module_preset=\u00a0\u00bbdefault\u00a0\u00bb content_font=\u00a0\u00bb||||||||\u00a0\u00bb content_text_align=\u00a0\u00bbcenter\u00a0\u00bb content_font_size=\u00a0\u00bb14px\u00a0\u00bb][\/dnxte_coverflowslider_child][dnxte_coverflowslider_child coverflowslider_layouts=\u00a0\u00bbbelow-image\u00a0\u00bb coverflowslider_content=\u00a0\u00bb<\/p>\n<p>@Fr\u00e9d\u00e9ric God\u00e9<\/p>\n<p>\u00a0\u00bb coverflowslider_image=\u00a0\u00bbhttps:\/\/lecabinetdeporcelaine.creationsiteweb.fr\/wp-content\/uploads\/2021\/12\/slider_cp.png\u00a0\u00bb coverflowslider_alt=\u00a0\u00bb@Fr\u00e9d\u00e9ric God\u00e9\u00a0\u00bb _builder_version=\u00a0\u00bb4.9.4&Prime; _module_preset=\u00a0\u00bbdefault\u00a0\u00bb][\/dnxte_coverflowslider_child][dnxte_coverflowslider_child coverflowslider_layouts=\u00a0\u00bbbelow-image\u00a0\u00bb coverflowslider_content=\u00a0\u00bb<\/p>\n<p>@Maurine Tric<\/p>\n<p>\u00a0\u00bb coverflowslider_image=\u00a0\u00bbhttps:\/\/lecabinetdeporcelaine.creationsiteweb.fr\/wp-content\/uploads\/2021\/09\/salon-re\u0301ve\u0301lations-13-e1312670-scaled.jpg\u00a0\u00bb coverflowslider_alt=\u00a0\u00bb@Maurine Tric\u00a0\u00bb _builder_version=\u00a0\u00bb4.9.4&Prime; _module_preset=\u00a0\u00bbdefault\u00a0\u00bb content_text_align=\u00a0\u00bbcenter\u00a0\u00bb content_font_size=\u00a0\u00bb14px\u00a0\u00bb][\/dnxte_coverflowslider_child][dnxte_coverflowslider_child coverflowslider_layouts=\u00a0\u00bbbelow-image\u00a0\u00bb coverflowslider_content=\u00a0\u00bb<\/p>\n<p>@Maurine Tric<\/p>\n<p>\u00a0\u00bb coverflowslider_image=\u00a0\u00bbhttps:\/\/lecabinetdeporcelaine.creationsiteweb.fr\/wp-content\/uploads\/2021\/09\/salon-re\u0301ve\u0301lations-6-e1312665-scaled.jpg\u00a0\u00bb coverflowslider_alt=\u00a0\u00bb@Maurine Tric\u00a0\u00bb _builder_version=\u00a0\u00bb4.9.4&Prime; _module_preset=\u00a0\u00bbdefault\u00a0\u00bb content_text_align=\u00a0\u00bbcenter\u00a0\u00bb content_font_size=\u00a0\u00bb14px\u00a0\u00bb][\/dnxte_coverflowslider_child][dnxte_coverflowslider_child coverflowslider_layouts=\u00a0\u00bbbelow-image\u00a0\u00bb coverflowslider_content=\u00a0\u00bb<\/p>\n<p>@Fr\u00e9d\u00e9ric God\u00e9<\/p>\n<p>\u00a0\u00bb coverflowslider_image=\u00a0\u00bbhttps:\/\/lecabinetdeporcelaine.creationsiteweb.fr\/wp-content\/uploads\/2021\/12\/slider_cp3.png\u00a0\u00bb coverflowslider_alt=\u00a0\u00bb@Fr\u00e9d\u00e9ric God\u00e9\u00a0\u00bb _builder_version=\u00a0\u00bb4.9.4&Prime; _module_preset=\u00a0\u00bbdefault\u00a0\u00bb header_font_size=\u00a0\u00bb0px\u00a0\u00bb content_text_align=\u00a0\u00bbcenter\u00a0\u00bb content_font_size=\u00a0\u00bb14px\u00a0\u00bb][\/dnxte_coverflowslider_child][dnxte_coverflowslider_child coverflowslider_layouts=\u00a0\u00bbbelow-image\u00a0\u00bb coverflowslider_content=\u00a0\u00bb<\/p>\n<p>@Maurine Tric<\/p>\n<p>\u00a0\u00bb coverflowslider_image=\u00a0\u00bbhttps:\/\/lecabinetdeporcelaine.creationsiteweb.fr\/wp-content\/uploads\/2021\/12\/slider_cp4.png\u00a0\u00bb coverflowslider_alt=\u00a0\u00bb@Maurine Tric\u00a0\u00bb _builder_version=\u00a0\u00bb4.9.4&Prime; _module_preset=\u00a0\u00bbdefault\u00a0\u00bb content_text_align=\u00a0\u00bbcenter\u00a0\u00bb content_font_size=\u00a0\u00bb14px\u00a0\u00bb][\/dnxte_coverflowslider_child][dnxte_coverflowslider_child coverflowslider_layouts=\u00a0\u00bbbelow-image\u00a0\u00bb coverflowslider_content=\u00a0\u00bb<\/p>\n<p>@Fr\u00e9d\u00e9ric God\u00e9<\/p>\n<p>\u00a0\u00bb coverflowslider_image=\u00a0\u00bbhttps:\/\/lecabinetdeporcelaine.creationsiteweb.fr\/wp-content\/uploads\/2021\/12\/slider_cp5.png\u00a0\u00bb coverflowslider_alt=\u00a0\u00bb@Fr\u00e9d\u00e9ric God\u00e9\u00a0\u00bb _builder_version=\u00a0\u00bb4.9.4&Prime; _module_preset=\u00a0\u00bbdefault\u00a0\u00bb content_text_align=\u00a0\u00bbcenter\u00a0\u00bb content_font_size=\u00a0\u00bb14px\u00a0\u00bb][\/dnxte_coverflowslider_child][dnxte_coverflowslider_child coverflowslider_layouts=\u00a0\u00bbbelow-image\u00a0\u00bb coverflowslider_content=\u00a0\u00bb<\/p>\n<p>@Maurine Tric<\/p>\n<p>\u00a0\u00bb coverflowslider_image=\u00a0\u00bbhttps:\/\/lecabinetdeporcelaine.creationsiteweb.fr\/wp-content\/uploads\/2021\/12\/slider_cp6.png\u00a0\u00bb coverflowslider_alt=\u00a0\u00bb@Maurine Tric\u00a0\u00bb _builder_version=\u00a0\u00bb4.9.4&Prime; _module_preset=\u00a0\u00bbdefault\u00a0\u00bb content_text_align=\u00a0\u00bbcenter\u00a0\u00bb content_font_size=\u00a0\u00bb14px\u00a0\u00bb][\/dnxte_coverflowslider_child][dnxte_coverflowslider_child coverflowslider_layouts=\u00a0\u00bbbelow-image\u00a0\u00bb coverflowslider_image=\u00a0\u00bbhttps:\/\/lecabinetdeporcelaine.creationsiteweb.fr\/wp-content\/uploads\/2022\/04\/IMG_8309-Copie.jpg\u00a0\u00bb coverflowslider_alt=\u00a0\u00bb@Fr\u00e9d\u00e9ric God\u00e9\u00a0\u00bb _builder_version=\u00a0\u00bb4.9.4&Prime; _module_preset=\u00a0\u00bbdefault\u00a0\u00bb content_text_align=\u00a0\u00bbcenter\u00a0\u00bb content_font_size=\u00a0\u00bb14px\u00a0\u00bb hover_enabled=\u00a0\u00bb0&Prime; sticky_enabled=\u00a0\u00bb0&Prime;][\/dnxte_coverflowslider_child][dnxte_coverflowslider_child coverflowslider_layouts=\u00a0\u00bbbelow-image\u00a0\u00bb coverflowslider_image=\u00a0\u00bbhttps:\/\/lecabinetdeporcelaine.creationsiteweb.fr\/wp-content\/uploads\/2022\/05\/IMG_0055.jpg\u00a0\u00bb _builder_version=\u00a0\u00bb4.9.4&Prime; _module_preset=\u00a0\u00bbdefault\u00a0\u00bb content_text_align=\u00a0\u00bbcenter\u00a0\u00bb content_font_size=\u00a0\u00bb14px\u00a0\u00bb hover_enabled=\u00a0\u00bb0&Prime; sticky_enabled=\u00a0\u00bb0&Prime;][\/dnxte_coverflowslider_child][dnxte_coverflowslider_child coverflowslider_layouts=\u00a0\u00bbbelow-image\u00a0\u00bb coverflowslider_image=\u00a0\u00bbhttps:\/\/lecabinetdeporcelaine.creationsiteweb.fr\/wp-content\/uploads\/2022\/05\/IMG_0186.jpg\u00a0\u00bb _builder_version=\u00a0\u00bb4.9.4&Prime; _module_preset=\u00a0\u00bbdefault\u00a0\u00bb content_text_align=\u00a0\u00bbcenter\u00a0\u00bb content_font_size=\u00a0\u00bb14px\u00a0\u00bb hover_enabled=\u00a0\u00bb0&Prime; sticky_enabled=\u00a0\u00bb0&Prime;][\/dnxte_coverflowslider_child][dnxte_coverflowslider_child coverflowslider_layouts=\u00a0\u00bbbelow-image\u00a0\u00bb coverflowslider_image=\u00a0\u00bbhttps:\/\/lecabinetdeporcelaine.creationsiteweb.fr\/wp-content\/uploads\/2022\/05\/IMG_6545.jpg\u00a0\u00bb _builder_version=\u00a0\u00bb4.9.4&Prime; _module_preset=\u00a0\u00bbdefault\u00a0\u00bb content_text_align=\u00a0\u00bbcenter\u00a0\u00bb content_font_size=\u00a0\u00bb14px\u00a0\u00bb hover_enabled=\u00a0\u00bb0&Prime; coverflowslider_content=\u00a0\u00bb<\/p>\n<p>@Fr\u00e9d\u00e9ric God\u00e9<\/p>\n<p>\u00a0\u00bb sticky_enabled=\u00a0\u00bb0&Prime;][\/dnxte_coverflowslider_child][dnxte_coverflowslider_child coverflowslider_layouts=\u00a0\u00bbbelow-image\u00a0\u00bb coverflowslider_image=\u00a0\u00bbhttps:\/\/lecabinetdeporcelaine.creationsiteweb.fr\/wp-content\/uploads\/2022\/05\/IMG_8035.jpg\u00a0\u00bb _builder_version=\u00a0\u00bb4.9.4&Prime; _module_preset=\u00a0\u00bbdefault\u00a0\u00bb content_text_align=\u00a0\u00bbcenter\u00a0\u00bb content_font_size=\u00a0\u00bb14px\u00a0\u00bb hover_enabled=\u00a0\u00bb0&Prime; coverflowslider_content=\u00a0\u00bb<\/p>\n<p>@Fr\u00e9d\u00e9ric God\u00e9<\/p>\n<p>\u00a0\u00bb sticky_enabled=\u00a0\u00bb0&Prime;][\/dnxte_coverflowslider_child][dnxte_coverflowslider_child coverflowslider_layouts=\u00a0\u00bbbelow-image\u00a0\u00bb coverflowslider_image=\u00a0\u00bbhttps:\/\/lecabinetdeporcelaine.creationsiteweb.fr\/wp-content\/uploads\/2022\/05\/IMG_8431.jpg\u00a0\u00bb _builder_version=\u00a0\u00bb4.9.4&Prime; _module_preset=\u00a0\u00bbdefault\u00a0\u00bb content_text_align=\u00a0\u00bbcenter\u00a0\u00bb content_font_size=\u00a0\u00bb14px\u00a0\u00bb hover_enabled=\u00a0\u00bb0&Prime; coverflowslider_content=\u00a0\u00bb<\/p>\n<p>@Fr\u00e9d\u00e9ric God\u00e9<\/p>\n<p>\u00a0\u00bb sticky_enabled=\u00a0\u00bb0&Prime;][\/dnxte_coverflowslider_child][dnxte_coverflowslider_child coverflowslider_layouts=\u00a0\u00bbbelow-image\u00a0\u00bb coverflowslider_image=\u00a0\u00bbhttps:\/\/lecabinetdeporcelaine.creationsiteweb.fr\/wp-content\/uploads\/2022\/05\/IMG_9079.jpg\u00a0\u00bb _builder_version=\u00a0\u00bb4.9.4&Prime; _module_preset=\u00a0\u00bbdefault\u00a0\u00bb content_text_align=\u00a0\u00bbcenter\u00a0\u00bb content_font_size=\u00a0\u00bb14px\u00a0\u00bb hover_enabled=\u00a0\u00bb0&Prime; coverflowslider_content=\u00a0\u00bb<\/p>\n<p>@Fr\u00e9d\u00e9ric God\u00e9<\/p>\n<p>\u00a0\u00bb sticky_enabled=\u00a0\u00bb0&Prime;][\/dnxte_coverflowslider_child][dnxte_coverflowslider_child coverflowslider_layouts=\u00a0\u00bbbelow-image\u00a0\u00bb coverflowslider_image=\u00a0\u00bbhttps:\/\/lecabinetdeporcelaine.creationsiteweb.fr\/wp-content\/uploads\/2022\/05\/IMG_9871.jpg\u00a0\u00bb _builder_version=\u00a0\u00bb4.9.4&Prime; _module_preset=\u00a0\u00bbdefault\u00a0\u00bb content_text_align=\u00a0\u00bbcenter\u00a0\u00bb content_font_size=\u00a0\u00bb14px\u00a0\u00bb hover_enabled=\u00a0\u00bb0&Prime; coverflowslider_content=\u00a0\u00bb<\/p>\n<p>@Fr\u00e9d\u00e9ric God\u00e9<\/p>\n<p>\u00a0\u00bb sticky_enabled=\u00a0\u00bb0&Prime;][\/dnxte_coverflowslider_child][dnxte_coverflowslider_child coverflowslider_layouts=\u00a0\u00bbbelow-image\u00a0\u00bb coverflowslider_image=\u00a0\u00bbhttps:\/\/lecabinetdeporcelaine.creationsiteweb.fr\/wp-content\/uploads\/2022\/05\/IMG_9872.jpg\u00a0\u00bb _builder_version=\u00a0\u00bb4.9.4&Prime; _module_preset=\u00a0\u00bbdefault\u00a0\u00bb content_text_align=\u00a0\u00bbcenter\u00a0\u00bb content_font_size=\u00a0\u00bb14px\u00a0\u00bb hover_enabled=\u00a0\u00bb0&Prime; coverflowslider_content=\u00a0\u00bb<\/p>\n<p>@Fr\u00e9d\u00e9ric God\u00e9<\/p>\n<p>\u00a0\u00bb sticky_enabled=\u00a0\u00bb0&Prime;][\/dnxte_coverflowslider_child][dnxte_coverflowslider_child coverflowslider_layouts=\u00a0\u00bbbelow-image\u00a0\u00bb coverflowslider_image=\u00a0\u00bbhttps:\/\/lecabinetdeporcelaine.creationsiteweb.fr\/wp-content\/uploads\/2022\/05\/Ta\u0302che_1447-Copie.jpg\u00a0\u00bb _builder_version=\u00a0\u00bb4.9.4&Prime; _module_preset=\u00a0\u00bbdefault\u00a0\u00bb content_text_align=\u00a0\u00bbcenter\u00a0\u00bb content_font_size=\u00a0\u00bb14px\u00a0\u00bb hover_enabled=\u00a0\u00bb0&Prime; coverflowslider_content=\u00a0\u00bb<\/p>\n<p>@Fr\u00e9d\u00e9ric God\u00e9<\/p>\n<p>\u00a0\u00bb sticky_enabled=\u00a0\u00bb0&Prime;][\/dnxte_coverflowslider_child][dnxte_coverflowslider_child coverflowslider_layouts=\u00a0\u00bbbelow-image\u00a0\u00bb coverflowslider_image=\u00a0\u00bbhttps:\/\/lecabinetdeporcelaine.creationsiteweb.fr\/wp-content\/uploads\/2022\/05\/IMG_9881.jpg\u00a0\u00bb _builder_version=\u00a0\u00bb4.9.4&Prime; _module_preset=\u00a0\u00bbdefault\u00a0\u00bb content_text_align=\u00a0\u00bbcenter\u00a0\u00bb content_font_size=\u00a0\u00bb14px\u00a0\u00bb hover_enabled=\u00a0\u00bb0&Prime; sticky_enabled=\u00a0\u00bb0&Prime;][\/dnxte_coverflowslider_child][dnxte_coverflowslider_child coverflowslider_layouts=\u00a0\u00bbbelow-image\u00a0\u00bb coverflowslider_image=\u00a0\u00bbhttps:\/\/lecabinetdeporcelaine.creationsiteweb.fr\/wp-content\/uploads\/2022\/05\/IMG_9981-Copie.jpg\u00a0\u00bb _builder_version=\u00a0\u00bb4.9.4&Prime; _module_preset=\u00a0\u00bbdefault\u00a0\u00bb content_text_align=\u00a0\u00bbcenter\u00a0\u00bb content_font_size=\u00a0\u00bb14px\u00a0\u00bb hover_enabled=\u00a0\u00bb0&Prime; sticky_enabled=\u00a0\u00bb0&Prime;][\/dnxte_coverflowslider_child][dnxte_coverflowslider_child coverflowslider_layouts=\u00a0\u00bbbelow-image\u00a0\u00bb coverflowslider_image=\u00a0\u00bbhttps:\/\/lecabinetdeporcelaine.creationsiteweb.fr\/wp-content\/uploads\/2022\/05\/IMG_9882.jpg\u00a0\u00bb _builder_version=\u00a0\u00bb4.9.4&Prime; _module_preset=\u00a0\u00bbdefault\u00a0\u00bb content_text_align=\u00a0\u00bbcenter\u00a0\u00bb content_font_size=\u00a0\u00bb14px\u00a0\u00bb hover_enabled=\u00a0\u00bb0&Prime; sticky_enabled=\u00a0\u00bb0&Prime;][\/dnxte_coverflowslider_child][dnxte_coverflowslider_child coverflowslider_layouts=\u00a0\u00bbbelow-image\u00a0\u00bb coverflowslider_image=\u00a0\u00bbhttps:\/\/lecabinetdeporcelaine.creationsiteweb.fr\/wp-content\/uploads\/2022\/05\/IMG_9884.jpg\u00a0\u00bb _builder_version=\u00a0\u00bb4.9.4&Prime; _module_preset=\u00a0\u00bbdefault\u00a0\u00bb content_text_align=\u00a0\u00bbcenter\u00a0\u00bb content_font_size=\u00a0\u00bb14px\u00a0\u00bb hover_enabled=\u00a0\u00bb0&Prime; sticky_enabled=\u00a0\u00bb0&Prime;][\/dnxte_coverflowslider_child][dnxte_coverflowslider_child coverflowslider_layouts=\u00a0\u00bbbelow-image\u00a0\u00bb coverflowslider_image=\u00a0\u00bbhttps:\/\/lecabinetdeporcelaine.creationsiteweb.fr\/wp-content\/uploads\/2022\/05\/IMG_9976-Copie.jpg\u00a0\u00bb _builder_version=\u00a0\u00bb4.9.4&Prime; _module_preset=\u00a0\u00bbdefault\u00a0\u00bb content_text_align=\u00a0\u00bbcenter\u00a0\u00bb content_font_size=\u00a0\u00bb14px\u00a0\u00bb hover_enabled=\u00a0\u00bb0&Prime; sticky_enabled=\u00a0\u00bb0&Prime;][\/dnxte_coverflowslider_child][\/dnxte_coverflowslider_parent][\/et_pb_column][\/et_pb_row][\/et_pb_section]<\/p>\n","protected":false},"excerpt":{"rendered":"<p>[et_pb_section fb_built=\u00a0\u00bb1&Prime; admin_label=\u00a0\u00bbHero Section\u00a0\u00bb _builder_version=\u00a0\u00bb3.22&Prime; use_background_color_gradient=\u00a0\u00bbon\u00a0\u00bb background_color_gradient_start=\u00a0\u00bbrgba(244,240,233,0.9)\u00a0\u00bb background_color_gradient_end=\u00a0\u00bbrgba(244,240,233,0)\u00a0\u00bb background_color_gradient_direction=\u00a0\u00bb90deg\u00a0\u00bb background_color_gradient_start_position=\u00a0\u00bb30%\u00a0\u00bb background_color_gradient_overlays_image=\u00a0\u00bbon\u00a0\u00bb background_image=\u00a0\u00bbhttps:\/\/lecabinetdeporcelaine.creationsiteweb.fr\/wp-content\/uploads\/2021\/09\/florist-17.jpg\u00a0\u00bb custom_margin=\u00a0\u00bb|||\u00a0\u00bb custom_padding=\u00a0\u00bb119px|0px|119px|0px\u00a0\u00bb][et_pb_row custom_padding_last_edited=\u00a0\u00bboff|desktop\u00a0\u00bb admin_label=\u00a0\u00bbHero Area\u00a0\u00bb _builder_version=\u00a0\u00bb3.25&Prime; custom_padding=\u00a0\u00bb27px|0px|0px|0px\u00a0\u00bb][et_pb_column type=\u00a0\u00bb4_4&Prime; _builder_version=\u00a0\u00bb3.25&Prime; custom_padding=\u00a0\u00bb|||\u00a0\u00bb custom_padding__hover=\u00a0\u00bb|||\u00a0\u00bb][et_pb_text admin_label=\u00a0\u00bbHero Title\u00a0\u00bb _builder_version=\u00a0\u00bb4.9.4&Prime; text_font=\u00a0\u00bbPlayfair Display||||||||\u00a0\u00bb header_font=\u00a0\u00bbAlice||||||||\u00a0\u00bb header_font_size=\u00a0\u00bb80px\u00a0\u00bb header_letter_spacing=\u00a0\u00bb-3px\u00a0\u00bb header_line_height=\u00a0\u00bb1.1em\u00a0\u00bb custom_margin=\u00a0\u00bb||0px|\u00a0\u00bb custom_padding=\u00a0\u00bb|||\u00a0\u00bb animation_style=\u00a0\u00bbslide\u00a0\u00bb animation_direction=\u00a0\u00bbleft\u00a0\u00bb animation_intensity_slide=\u00a0\u00bb5%\u00a0\u00bb animation_starting_opacity=\u00a0\u00bb100%\u00a0\u00bb text_font_size_last_edited=\u00a0\u00bboff|desktop\u00a0\u00bb header_font_size_tablet=\u00a0\u00bb\u00a0\u00bb header_font_size_phone=\u00a0\u00bb60px\u00a0\u00bb header_font_size_last_edited=\u00a0\u00bbon|phone\u00a0\u00bb] Nos Cr\u00e9ations [\/et_pb_text][et_pb_divider color=\u00a0\u00bb#000000&Prime; divider_weight=\u00a0\u00bb3px\u00a0\u00bb _builder_version=\u00a0\u00bb4.9.4&Prime; _module_preset=\u00a0\u00bbdefault\u00a0\u00bb width=\u00a0\u00bb500px\u00a0\u00bb][\/et_pb_divider][\/et_pb_column][\/et_pb_row][\/et_pb_section][et_pb_section fb_built=\u00a0\u00bb1&Prime; admin_label=\u00a0\u00bbGallery Section\u00a0\u00bb _builder_version=\u00a0\u00bb3.22&Prime; custom_padding=\u00a0\u00bb0px||90px|\u00a0\u00bb][et_pb_row [&hellip;]<\/p>\n","protected":false},"author":1,"featured_media":0,"parent":0,"menu_order":0,"comment_status":"closed","ping_status":"closed","template":"","meta":{"_et_pb_use_builder":"on","_et_pb_old_content":"","_et_gb_content_width":"","footnotes":""},"class_list":["post-144","page","type-page","status-publish","hentry"],"_links":{"self":[{"href":"https:\/\/lecabinetdeporcelaine.creationsiteweb.fr\/fr\/wp-json\/wp\/v2\/pages\/144","targetHints":{"allow":["GET"]}}],"collection":[{"href":"https:\/\/lecabinetdeporcelaine.creationsiteweb.fr\/fr\/wp-json\/wp\/v2\/pages"}],"about":[{"href":"https:\/\/lecabinetdeporcelaine.creationsiteweb.fr\/fr\/wp-json\/wp\/v2\/types\/page"}],"author":[{"embeddable":true,"href":"https:\/\/lecabinetdeporcelaine.creationsiteweb.fr\/fr\/wp-json\/wp\/v2\/users\/1"}],"replies":[{"embeddable":true,"href":"https:\/\/lecabinetdeporcelaine.creationsiteweb.fr\/fr\/wp-json\/wp\/v2\/comments?post=144"}],"version-history":[{"count":29,"href":"https:\/\/lecabinetdeporcelaine.creationsiteweb.fr\/fr\/wp-json\/wp\/v2\/pages\/144\/revisions"}],"predecessor-version":[{"id":897,"href":"https:\/\/lecabinetdeporcelaine.creationsiteweb.fr\/fr\/wp-json\/wp\/v2\/pages\/144\/revisions\/897"}],"wp:attachment":[{"href":"https:\/\/lecabinetdeporcelaine.creationsiteweb.fr\/fr\/wp-json\/wp\/v2\/media?parent=144"}],"curies":[{"name":"wp","href":"https:\/\/api.w.org\/{rel}","templated":true}]}}